{"id":15016,"date":"2023-06-27T10:04:41","date_gmt":"2023-06-27T10:04:41","guid":{"rendered":"https:\/\/kelvinbestsneak.top\/index.php\/product\/non-slip-soft-sole-rhinestone-wedge-sandals\/"},"modified":"2023-06-27T10:27:06","modified_gmt":"2023-06-27T10:27:06","slug":"non-slip-soft-sole-rhinestone-wedge-sandals","status":"publish","type":"product","link":"https:\/\/kelvinbestsneak.asia\/index.php\/product\/non-slip-soft-sole-rhinestone-wedge-sandals\/","title":{"rendered":"Non-slip soft sole rhinestone wedge sandals"},"content":{"rendered":"<h2 style=\"font-weight: var(--font-heading-weight);\"><strong><iframe loading=\"lazy\" width=\"560\" height=\"314\" style=\"border: none;\" src=\"https:\/\/iframe.videodelivery.net\/99be8fff102965e86a527c44fe4bf235\" allow=\"accelerometer; gyroscope; autoplay; encrypted-media; picture-in-picture;\" allowfullscreen=\"allowfullscreen\"><\/iframe><\/strong><\/h2>\n<h2 style=\"font-weight: var(--font-heading-weight);\"><strong>Description<\/strong><\/h2>\n<p style=\"font-weight: 400;\">Ces sandales antid\u00e9rapantes \u00e0 talons compens\u00e9s en strass \u00e0 semelle souple sont la combinaison parfaite de style et de confort. Les sandales pr\u00e9sentent un design \u00e9l\u00e9gant en strass, une doublure int\u00e9rieure en PU pour plus de confort et une hauteur de talon de 4 cm. La semelle ext\u00e9rieure en caoutchouc offre une excellente adh\u00e9rence et stabilit\u00e9, ce qui les rend adapt\u00e9es \u00e0 toutes les occasions. Qu&#8217;il s&#8217;agisse d&#8217;une f\u00eate d&#8217;anniversaire, d&#8217;une danse, d&#8217;un rendez-vous galant, d&#8217;un mariage, d&#8217;une piste de danse ou de toute autre occasion formelle, ces sandales vous y emm\u00e8neront avec style.<\/p>\n<p style=\"font-weight: 400;\"><img loading=\"lazy\" decoding=\"async\" class=\"lazyload sep-lazyload\" data-sizes=\"auto\" src=\"http:\/\/kelvinbestsneak.top\/wp-content\/uploads\/2023\/06\/b80a5633543c7965e864d08044c05b11.jpeg\" width=\"800\" height=\"800\" data-aspect-ratio=\"1.00\" style=\"padding-bottom:100.00%;\"><\/p>\n<h2 style=\"font-weight: var(--font-heading-weight);\"><strong>Caract\u00e9ristiques<\/strong><\/h2>\n<p style=\"font-weight: 400;\"><strong>Conception en strass &#8211;<\/strong><span>&nbsp;<\/span>Ces sandales \u00e0 talons compens\u00e9s en strass \u00e0 semelle souple antid\u00e9rapantes sont un incontournable pour toutes les fashionistas. La conception en strass le rend facile \u00e0 assortir \u00e0 n&#8217;importe quelle tenue. Les talons compens\u00e9s respirent l&#8217;\u00e9l\u00e9gance et le look brillant est sexy et accrocheur.<\/p>\n<p><strong>Sangle \u00e9lastique \u00e0 la cheville &#8211;<span>&nbsp;<\/span><\/strong>Ces sandales antid\u00e9rapantes \u00e0 semelle souple et strass sont parfaites pour toutes les occasions. Dot\u00e9es d&#8217;une bride \u00e9lastique \u00e0 la cheville, ces sandales sont confortables et s&#8217;adaptent parfaitement au pied. Cette conception rend \u00e9galement ces sandales faciles \u00e0 mettre et \u00e0 enlever.<\/p>\n<p><strong>Doublure int\u00e9rieure en PU &#8211;<span>&nbsp;<\/span><\/strong>Choisissez une doublure en PU confortable et respirante et une semelle int\u00e9rieure douce, qui offre une bonne respirabilit\u00e9 et est douce et agr\u00e9able pour la peau. Les chaussures sont confortables \u00e0 l&#8217;int\u00e9rieur, gardant les pieds au sec et au sec toute la journ\u00e9e.<\/p>\n<p><strong>Hauteur du talon 4 cm &#8211;<\/strong><span>&nbsp;<\/span>Avec une hauteur de 4 cm, conue sp\u00e9cifiquement pour les femmes, une paire de chaussures peut g\u00e9rer toutes les occasions telles que le travail et le shopping, assurant une usure durable sans fatiguer les pieds et une marche plus douce.<\/p>\n<p><strong>Semelle ext\u00e9rieure en caoutchouc &#8211;<\/strong><span>&nbsp;<\/span>Semelle en caoutchouc antid\u00e9rapante et r\u00e9sistante \u00e0 l&#8217;usure, aucun fardeau pour marcher longtemps sans fatiguer vos pieds, ce qui vous permet de profiter de la vie \u00e0 l&#8217;aise.<\/p>\n<p><strong>Convient \u00e0 toutes les occasions &#8211;<\/strong><span>&nbsp;<\/span>Ces sandales \u00e0 talons compens\u00e9s en strass \u00e0 semelle souple antid\u00e9rapantes sont parfaites pour toutes les occasions. Ils conviennent \u00e0 une vari\u00e9t\u00e9 d&#8217;occasions. Qu&#8217;il s&#8217;agisse d&#8217;une f\u00eate d&#8217;anniversaire, d&#8217;une danse, d&#8217;un rendez-vous, d&#8217;un mariage, d&#8217;une piste de danse ou de toute autre occasion formelle, ces sandales sont id\u00e9ales pour vous faire paratre et vous sentir \u00e0 votre meilleur.<\/p>\n<p style=\"font-weight: 400;\"><img loading=\"lazy\" decoding=\"async\" class=\"lazyload sep-lazyload\" data-sizes=\"auto\" src=\"http:\/\/kelvinbestsneak.top\/wp-content\/uploads\/2023\/06\/d3732d72c15fd585c872408097e71946.jpeg\" width=\"800\" height=\"800\" data-aspect-ratio=\"1.00\" style=\"padding-bottom:100.00%;\"><\/p>\n<p style=\"font-weight: 400;\"><img loading=\"lazy\" decoding=\"async\" class=\"lazyload sep-lazyload\" data-sizes=\"auto\" src=\"http:\/\/kelvinbestsneak.top\/wp-content\/uploads\/2023\/06\/aabef95178ef530e47dcafa07f8184ba.jpeg\" width=\"800\" height=\"800\" data-aspect-ratio=\"1.00\" style=\"padding-bottom:100.00%;\"><\/p>\n<p style=\"font-weight: 400;\"><img loading=\"lazy\" decoding=\"async\" class=\"desc-img-loaded lazyload sep-lazyload \" data-sizes=\"auto\" src=\"http:\/\/kelvinbestsneak.top\/wp-content\/uploads\/2023\/06\/1e374cdd78de4c4d2738941ff7cfbbd6.jpeg\" data-lazyload-src=\"http:\/\/kelvinbestsneak.top\/wp-content\/uploads\/2023\/06\/O1CN01UCUlVq1EvenzGVfqC_3193120414-0-cib.jpg\" width=\"750\" height=\"750\" data-aspect-ratio=\"1.00\" style=\"padding-bottom:100.00%;\"><br \/><img loading=\"lazy\" decoding=\"async\" class=\"desc-img-loaded lazyload sep-lazyload \" data-sizes=\"auto\" src=\"http:\/\/kelvinbestsneak.top\/wp-content\/uploads\/2023\/06\/cd9a6d2491442bf3e7691cd97a5e7a7a.jpeg\" data-lazyload-src=\"http:\/\/kelvinbestsneak.top\/wp-content\/uploads\/2023\/06\/O1CN01FMiQ181EvenyYGYxs_3193120414-0-cib.jpg\" width=\"750\" height=\"750\" data-aspect-ratio=\"1.00\" style=\"padding-bottom:100.00%;\"><br \/><img loading=\"lazy\" decoding=\"async\" class=\"desc-img-loaded lazyload sep-lazyload \" data-sizes=\"auto\" src=\"http:\/\/kelvinbestsneak.top\/wp-content\/uploads\/2023\/06\/abf5f73d09763ef02e00f1a1768c051a.jpeg\" data-lazyload-src=\"http:\/\/kelvinbestsneak.top\/wp-content\/uploads\/2023\/06\/O1CN01gnoNZd1EvenvceYrZ_3193120414-0-cib.jpg\" width=\"750\" height=\"750\" data-aspect-ratio=\"1.00\" style=\"padding-bottom:100.00%;\"><br \/><img loading=\"lazy\" decoding=\"async\" class=\"desc-img-loaded lazyload sep-lazyload \" data-sizes=\"auto\" src=\"http:\/\/kelvinbestsneak.top\/wp-content\/uploads\/2023\/06\/3ea83f1e81d92505d29e00dc0c4f7795.jpeg\" data-lazyload-src=\"http:\/\/kelvinbestsneak.top\/wp-content\/uploads\/2023\/06\/O1CN01DzO0Aa1EvenxPJi8B_3193120414-0-cib.jpg\" width=\"750\" height=\"750\" data-aspect-ratio=\"1.00\" style=\"padding-bottom:100.00%;\"><br \/><img loading=\"lazy\" decoding=\"async\" class=\"desc-img-loaded lazyload sep-lazyload \" data-sizes=\"auto\" src=\"http:\/\/kelvinbestsneak.top\/wp-content\/uploads\/2023\/06\/170f3ebe76650515a3f3341c500c5307.jpeg\" data-lazyload-src=\"http:\/\/kelvinbestsneak.top\/wp-content\/uploads\/2023\/06\/O1CN01oJGVUb1EvenxPKFNx_3193120414-0-cib.jpg\" width=\"750\" height=\"750\" data-aspect-ratio=\"1.00\" style=\"padding-bottom:100.00%;\"><br \/><img loading=\"lazy\" decoding=\"async\" class=\"desc-img-loaded lazyload sep-lazyload \" data-sizes=\"auto\" src=\"http:\/\/kelvinbestsneak.top\/wp-content\/uploads\/2023\/06\/34a38f4532cd5fb5c7c7c8351bba7784.jpeg\" data-lazyload-src=\"http:\/\/kelvinbestsneak.top\/wp-content\/uploads\/2023\/06\/O1CN019lrfEH1EvenmpiyS6_3193120414-0-cib.jpg\" width=\"750\" height=\"750\" data-aspect-ratio=\"1.00\" style=\"padding-bottom:100.00%;\"><br \/><img loading=\"lazy\" decoding=\"async\" class=\"desc-img-loaded lazyload sep-lazyload \" data-sizes=\"auto\" src=\"http:\/\/kelvinbestsneak.top\/wp-content\/uploads\/2023\/06\/cec1f15f5922aaa5fda1f450e9858d88.jpeg\" data-lazyload-src=\"http:\/\/kelvinbestsneak.top\/wp-content\/uploads\/2023\/06\/O1CN01ANxXsy1Eveo2Xl5DL_3193120414-0-cib.jpg\" width=\"750\" height=\"750\" data-aspect-ratio=\"1.00\" style=\"padding-bottom:100.00%;\"><br \/><img loading=\"lazy\" decoding=\"async\" class=\"desc-img-loaded lazyload sep-lazyload \" data-sizes=\"auto\" src=\"http:\/\/kelvinbestsneak.top\/wp-content\/uploads\/2023\/06\/73be21cbb5d1d39084c2bc2c8b634517.jpeg\" data-lazyload-src=\"http:\/\/kelvinbestsneak.top\/wp-content\/uploads\/2023\/06\/O1CN01mdyE5A1Eveo0tUu7v_3193120414-0-cib.jpg\" width=\"750\" height=\"750\" data-aspect-ratio=\"1.00\" style=\"padding-bottom:100.00%;\"><br \/><img loading=\"lazy\" decoding=\"async\" class=\"desc-img-loaded lazyload sep-lazyload \" data-sizes=\"auto\" src=\"http:\/\/kelvinbestsneak.top\/wp-content\/uploads\/2023\/06\/cb41f8ca1ec8eb1a497917ab21a2e072.jpeg\" data-lazyload-src=\"http:\/\/kelvinbestsneak.top\/wp-content\/uploads\/2023\/06\/O1CN013aQHjU1Eveo3MvNxq_3193120414-0-cib.jpg\" width=\"750\" height=\"750\" data-aspect-ratio=\"1.00\" style=\"padding-bottom:100.00%;\"><br \/><img loading=\"lazy\" decoding=\"async\" class=\"desc-img-loaded lazyload sep-lazyload \" data-sizes=\"auto\" src=\"http:\/\/kelvinbestsneak.top\/wp-content\/uploads\/2023\/06\/961bd2c3b91d6d9771cae1b61d8cbb9a.jpeg\" data-lazyload-src=\"http:\/\/kelvinbestsneak.top\/wp-content\/uploads\/2023\/06\/O1CN01pb5zz71EvenyYH24j_3193120414-0-cib.jpg\" width=\"750\" height=\"750\" data-aspect-ratio=\"1.00\" style=\"padding-bottom:100.00%;\"><br \/><img loading=\"lazy\" decoding=\"async\" class=\"desc-img-loaded lazyload sep-lazyload \" data-sizes=\"auto\" src=\"http:\/\/kelvinbestsneak.top\/wp-content\/uploads\/2023\/06\/109012a8ebb69aed5137d88ffadad5e8.jpeg\" data-lazyload-src=\"http:\/\/kelvinbestsneak.top\/wp-content\/uploads\/2023\/06\/O1CN01gLJjmy1Evenvccstl_3193120414-0-cib.jpg\" width=\"750\" height=\"750\" data-aspect-ratio=\"1.00\" style=\"padding-bottom:100.00%;\"><br \/><img loading=\"lazy\" decoding=\"async\" class=\"desc-img-loaded lazyload sep-lazyload \" data-sizes=\"auto\" src=\"http:\/\/kelvinbestsneak.top\/wp-content\/uploads\/2023\/06\/1f6990a40bc510da3ead55532f9f8f32.jpeg\" data-lazyload-src=\"http:\/\/kelvinbestsneak.top\/wp-content\/uploads\/2023\/06\/O1CN01RYYUL11EvenzqHKOg_3193120414-0-cib.jpg\" width=\"750\" height=\"750\" data-aspect-ratio=\"1.00\" style=\"padding-bottom:100.00%;\"><br \/><img loading=\"lazy\" decoding=\"async\" class=\"desc-img-loaded lazyload sep-lazyload \" data-sizes=\"auto\" src=\"http:\/\/kelvinbestsneak.top\/wp-content\/uploads\/2023\/06\/7cb7f76ef16e8dccb47760ce4145e1c0.jpeg\" data-lazyload-src=\"http:\/\/kelvinbestsneak.top\/wp-content\/uploads\/2023\/06\/O1CN010eny0Z1Eveo0tTpaF_3193120414-0-cib.jpg\" width=\"750\" height=\"750\" data-aspect-ratio=1.00\" style=\"padding-bottom:100.00%;\"><\/p>\n<h2 style=\"font-weight: var(--font-heading-weight);\"><strong>Sp\u00e9cification<\/strong><\/h2>\n<p style=\"font-weight: 400;\">Couleur : noir, beige<\/p>\n<p>Taille : 35,36,37,38,39,40<\/p>\n<p>Mat\u00e9riau sup\u00e9rieur : microfibre<\/p>\n<p>Mat\u00e9riau semelle : caoutchouc<\/p>\n<p>Mat\u00e9riau int\u00e9rieur : PU<\/p>\n<p>Hauteur du talon : 4cm<\/p>\n<p style=\"font-weight: 400;\"><img loading=\"lazy\" decoding=\"async\" class=\"lazyload sep-lazyload\" data-sizes=\"auto\" src=\"http:\/\/kelvinbestsneak.top\/wp-content\/uploads\/2023\/06\/e590a0aec7f6957755023d8e2fd87397.jpeg\" width=\"800\" height=\"800\" data-aspect-ratio=\"1.00\" style=\"padding-bottom:100.00%;\"><\/p>\n<\/p><\/p>\n","protected":false},"excerpt":{"rendered":"<p>Description Ces sandales antid\u00e9rapantes \u00e0 talons compens\u00e9s en strass \u00e0 semelle souple sont la combinaison parfaite de style et de confort. Les sandales pr\u00e9sentent un design \u00e9l\u00e9gant en strass, une doublure int\u00e9rieure en PU pour plus de confort et une hauteur de talon de 4 cm. La semelle ext\u00e9rieure en caoutchouc offre une excellente adh\u00e9rence [&hellip;]<\/p>\n","protected":false},"featured_media":15609,"comment_status":"open","ping_status":"closed","template":"","meta":[],"product_cat":[207],"product_tag":[],"class_list":["post-15016","product","type-product","status-publish","has-post-thumbnail","hentry","product_cat-womens-shoes"],"_links":{"self":[{"href":"https:\/\/kelvinbestsneak.asia\/index.php\/wp-json\/wp\/v2\/product\/15016","targetHints":{"allow":["GET"]}}],"collection":[{"href":"https:\/\/kelvinbestsneak.asia\/index.php\/wp-json\/wp\/v2\/product"}],"about":[{"href":"https:\/\/kelvinbestsneak.asia\/index.php\/wp-json\/wp\/v2\/types\/product"}],"replies":[{"embeddable":true,"href":"https:\/\/kelvinbestsneak.asia\/index.php\/wp-json\/wp\/v2\/comments?post=15016"}],"wp:featuredmedia":[{"embeddable":true,"href":"https:\/\/kelvinbestsneak.asia\/index.php\/wp-json\/wp\/v2\/media\/15609"}],"wp:attachment":[{"href":"https:\/\/kelvinbestsneak.asia\/index.php\/wp-json\/wp\/v2\/media?parent=15016"}],"wp:term":[{"taxonomy":"product_cat","embeddable":true,"href":"https:\/\/kelvinbestsneak.asia\/index.php\/wp-json\/wp\/v2\/product_cat?post=15016"},{"taxonomy":"product_tag","embeddable":true,"href":"https:\/\/kelvinbestsneak.asia\/index.php\/wp-json\/wp\/v2\/product_tag?post=15016"}],"curies":[{"name":"wp","href":"https:\/\/api.w.org\/{rel}","templated":true}]}}